{"id":127,"date":"2021-03-31T21:55:25","date_gmt":"2021-03-31T20:55:25","guid":{"rendered":"http:\/\/10.30.0.55\/?page_id=127"},"modified":"2025-01-07T21:10:47","modified_gmt":"2025-01-07T20:10:47","slug":"impressum","status":"publish","type":"page","link":"https:\/\/arithmetics-its.com\/en\/impressum\/","title":{"rendered":"Imprint"},"content":{"rendered":"<style type=\"text\/css\" xmlns=\"http:\/\/www.w3.org\/1999\/html\">\n\t#section-top-block_228f13907927920f860d05015b880351\t{\n\t\/* Add styles that use ACF values here *\/\n\t}\n<\/style>\n\n<!-- ******************* Block: Section Top ******************* -->\n<div id=\"section-top-block_228f13907927920f860d05015b880351\" class=\"block-section-top alignwide mb-7 mt-0 pb-0 pt-0\">\n\n\t<div class=\"container\">\n\t\t<div class=\"row\">\n\t\t\t<div class=\"col-md-9\">\n\t\t\t\t<div class=\"row\">\n\t\t\t\t\t<div class=\"col font-montserrat font-size-24 line-height-34 bold letter-spacing_0 text-grey_2\"\n\t\t\t\t\t     style=\"color: #3b6188\">\n\t\t\t\t\t\tImprint\t\t\t\t\t<\/div>\n\t\t\t\t<\/div>\n\t\t\t<\/div>\n\n\t\t\t\t\t\t\t\t<\/div>\n\n\t\t<div class=\"row\">\n\t\t\t<div class=\"col-xl-12 col-lg-12 col-md-12 col-sm-12 col-12\">\n\n\t\t\t\t\n\t\t\t\t\t\t\t\t\t<div\n\t\t\t\t\t\tclass=\"font-noto-serif text-darkgrey w-100-section-text\"><p>&nbsp;<\/p>\n<p>&nbsp;<\/p>\n<p>Responsible for content according to \u00a76 of the TDG:<\/p>\n<p>&nbsp;<\/p>\n<p><strong>arithmetics ITS UG (haftungsbeschr\u00e4nkt) Innovative Technology &amp; Software<\/strong><br \/>\nCarl-Benz-Stra\u00dfe 5<br \/>\nD-72250 Freudenstadt<br \/>\n+49 (0) 178 211 86 36<\/p>\n<p>&nbsp;<\/p>\n<p>Executive Director:<br \/>\nProf. Dr. Juho M\u00e4ki\u00f6<br \/>\nAmtsgericht Freudenstadt: HRB797291<br \/>\nVAT ID: DE332127400<\/p>\n<p>&nbsp;<\/p>\n<p>Image rights<\/p>\n<p>\u00a9 Warakorn \u2013 Fotolia.com<\/p>\n<p>&nbsp;<\/p>\n<p>The authors of this website hereby expressly distance themselves from all content on pages that can be accessed through links on our website. In particular, we do not make use of or use this content. This declaration applies to all links on our website.<\/p>\n<p>&nbsp;<\/p>\n<p>The links were selected with care and compiled with the awareness of responsibility for the reputation. At the time of integration, the recommended websites were neither rated as harmful to young people nor as violating applicable German law.<\/p>\n<p>&nbsp;<\/p>\n<p>Sollten Sie auf einen Link sto\u00dfen, f\u00fcr den dies aufgrund von \u00c4nderungen nicht mehr zutreffen sollte, so bitten wir Sie, dies uns unverz\u00fcglich per Kontakt mitzuteilen. Wir werden dann diesen Link sofort von unseren Seiten entfernen. Vielen Dank.<br \/>\nIf you come across a link for which this should no longer apply due to changes, we ask you to inform us immediately by contact. We will then immediately remove this link from our website. Many thanks.\nArithmetics<\/p>\n<p>&nbsp;<\/p>\n<p>Notice of liability:<\/p>\n<p>Despite careful control, we assume no liability for the content of external links. The operators of the linked pages are solely responsible for their content. No liability for data and content, use of this service at your own risk. The use of this document outside the area of responsibility of www.arithmetics-ITS.com is prohibited.<\/p>\n<\/div>\n\t\t\t\t\t\t\t<\/div>\n\t\t<\/div>\n\t<\/div>\n\n<\/div>","protected":false},"excerpt":{"rendered":"<p> [&#8230;]<\/p>\n<p><a class=\"btn btn-post-read-more mt-5 p-0 d-flex justify-content-center align-items-center\" href=\"https:\/\/arithmetics-its.com\/en\/impressum\/\"><span class=\"ml-auto\">Vollst\u00e4ndiger Bericht<\/span> <span class=\"read-more-inner position-relative ml-auto\"><br \/>\n\t\t\t<svg class=\"position-absolute arrow-down\" xmlns=\"http:\/\/www.w3.org\/2000\/svg\" width=\"13.707\" height=\"16.707\" viewbox=\"0 0 13.707 16.707\">\n\t\t\t  <g id=\"ic-roundabout-forward\" transform=\"translate(13.351 -10) rotate(90)\">\n\t\t\t    <path id=\"Pfad_31444\" data-name=\"Pfad 31444\" d=\"M454,.36l6.5,6.4-6.5,6.6\" transform=\"translate(-434.5 -0.36)\" fill=\"none\" stroke=\"#fff\" stroke-miterlimit=\"10\" stroke-width=\"1\"\/>\n\t\t\t    <line id=\"Linie_35\" data-name=\"Linie 35\" x1=\"16\" transform=\"translate(10 6.5)\" fill=\"none\" stroke=\"#fff\" stroke-miterlimit=\"10\" stroke-width=\"1\"\/>\n\t\t\t  <\/g>\n\t\t\t<\/svg><br \/>\n\t\t\t<\/span><\/a><\/p>","protected":false},"author":2,"featured_media":0,"parent":0,"menu_order":0,"comment_status":"closed","ping_status":"closed","template":"page-templates\/default-skeleton.php","meta":{"_acf_changed":false,"footnotes":""},"class_list":["post-127","page","type-page","status-publish","hentry"],"acf":[],"jetpack_sharing_enabled":true,"_links":{"self":[{"href":"https:\/\/arithmetics-its.com\/en\/wp-json\/wp\/v2\/pages\/127","targetHints":{"allow":["GET"]}}],"collection":[{"href":"https:\/\/arithmetics-its.com\/en\/wp-json\/wp\/v2\/pages"}],"about":[{"href":"https:\/\/arithmetics-its.com\/en\/wp-json\/wp\/v2\/types\/page"}],"author":[{"embeddable":true,"href":"https:\/\/arithmetics-its.com\/en\/wp-json\/wp\/v2\/users\/2"}],"replies":[{"embeddable":true,"href":"https:\/\/arithmetics-its.com\/en\/wp-json\/wp\/v2\/comments?post=127"}],"version-history":[{"count":11,"href":"https:\/\/arithmetics-its.com\/en\/wp-json\/wp\/v2\/pages\/127\/revisions"}],"predecessor-version":[{"id":762,"href":"https:\/\/arithmetics-its.com\/en\/wp-json\/wp\/v2\/pages\/127\/revisions\/762"}],"wp:attachment":[{"href":"https:\/\/arithmetics-its.com\/en\/wp-json\/wp\/v2\/media?parent=127"}],"curies":[{"name":"wp","href":"https:\/\/api.w.org\/{rel}","templated":true}]}}