{"id":133,"date":"2021-03-31T21:59:20","date_gmt":"2021-03-31T20:59:20","guid":{"rendered":"http:\/\/10.30.0.55\/?page_id=133"},"modified":"2025-01-07T21:09:44","modified_gmt":"2025-01-07T20:09:44","slug":"datenschutzerklaerung","status":"publish","type":"page","link":"https:\/\/arithmetics-its.com\/de\/datenschutzerklaerung\/","title":{"rendered":"Datenschutzerkl\u00e4rung"},"content":{"rendered":"\n<style type=\"text\/css\" xmlns=\"http:\/\/www.w3.org\/1999\/html\">\n\t#section-top-block_7112dc0b74136ac7f6955ef5f2dc21bd\t{\n\t\/* Add styles that use ACF values here *\/\n\t}\n<\/style>\n\n<!-- ******************* Block: Section Top ******************* -->\n<div id=\"section-top-block_7112dc0b74136ac7f6955ef5f2dc21bd\" class=\"block-section-top alignwide mb-2 mt-0 pb-0 pt-0 \">\n\n\t<div class=\"container \">\n\t\t<div class=\"row\">\n\t\t\t<div class=\"col-md-9\">\n\t\t\t\t<div class=\"row\">\n\t\t\t\t\t<div class=\"col font-montserrat font-size-24 line-height-34 bold letter-spacing_0 text-grey_2\"\n\t\t\t\t\t     style=\"color: #3b6188\">\n\t\t\t\t\t\tDatenschutzerkl\u00e4rung\t\t\t\t\t<\/div>\n\t\t\t\t<\/div>\n\t\t\t<\/div>\n\n\t\t\t\t\t\t\t\t<\/div>\n\n\t\t<div class=\"row\">\n\t\t\t<div class=\"col-xl-12 col-lg-12 col-md-12 col-sm-12 col-12\">\n\n\t\t\t\t\n\t\t\t\t\t\t\t\t\t<div\n\t\t\t\t\t\tclass=\"font-noto-serif text-darkgrey w-100-section-text \"><p>&nbsp;<\/p>\n<h2 style=\"text-align: justify\"><strong>Hinweis zur verantwortlichen Stelle:<\/strong><\/h2>\n<p style=\"text-align: justify\">Die arithmetics ITS UG (haftungsbeschr\u00e4nkt) Innovative Technology &amp; Software legt besonderen Wert auf den Schutz Ihrer personenbezogenen Daten. Ihre personenbezogenen Daten werden gem\u00e4\u00df den Datenschutzbestimmungen, insbesondere der Europ\u00e4ischen Datenschutzgrundverordnung (EU DS-GVO) und dem Bundesdatenschutzgesetz (BDSG) gespeichert und verwendet.<\/p>\n<p>&nbsp;<\/p>\n<p style=\"text-align: justify\">Die folgenden Informationen geben einen \u00dcberblick \u00fcber die Art, den Umfang und den Zweck der Erhebung, Verarbeitung und \u00dcbermittlung personenbezogener Daten sowie die eingesetzten Sicherheitsma\u00dfnahmen zum Schutz dieser Daten.<\/p>\n<p>&nbsp;<\/p>\n<p style=\"text-align: justify\">Personenbezogene Daten sind Einzelangaben \u00fcber pers\u00f6nliche oder sachliche Verh\u00e4ltnisse einer bestimmten oder bestimmbaren nat\u00fcrlichen Person, wie z. B. Ihr Name, Ihre Anschrift, Ihre Telefonnummer, Ihr Geburtsdatum sowie Ihre E-Mail und IP-Adresse.<\/p>\n<p>&nbsp;<\/p>\n<p>&nbsp;<\/p>\n<h2 style=\"text-align: justify\"><strong>Nutzung, Weitergabe und L\u00f6schung personenbezogener Daten<\/strong><\/h2>\n<h3 style=\"text-align: justify\"><strong>Server-Logfiles<\/strong><\/h3>\n<p style=\"text-align: justify\">Wenn Sie unsere Webseite besuchen oder dessen Dienste nutzen \u00fcbermittelt das Ger\u00e4t, mit dem Sie die Seite aufrufen, automatisch Log-Daten (Verbindungsdaten) an unseren Server. Die entsprechenden Informationen bestehen aus dem Namen der Webseite, der Datei, dem aktuellen Datum, der Datenmenge, dem Webbrowser und seiner Version, dem eingesetzten Betriebssystem, dem Domain-Namen Ihres Internet-Providers, der Referrer-URL als jene Seite, von der Sie auf unsere Seite gewechselt sind, sowie der entsprechenden IP-Adresse. Diese Daten werden gem\u00e4\u00df Telemediengesetz (TMG) anonymisiert gespeichert. Die Erstellung von personenbezogenen Nutzerprofilen ist damit ausgeschlossen.<\/p>\n<p>&nbsp;<\/p>\n<p style=\"text-align: justify\">Die erhobenen Daten werden ausschlie\u00dflich f\u00fcr statistische Auswertungen zum Zweck des Betriebs, der Sicherheit und der Optimierung des Angebotes verwendet. Wir behalten uns jedoch vor, die Protokolldaten nachtr\u00e4glich zu \u00fcberpr\u00fcfen, wenn aufgrund konkreter Anhaltspunkte der berechtigte Verdacht einer rechtswidrigen Nutzung besteht.<\/p>\n<p>&nbsp;<\/p>\n<p>&nbsp;<\/p>\n<p style=\"text-align: justify\"><strong>Cookies<\/strong><\/p>\n<p style=\"text-align: justify\">Wir setzen in einigen Bereichen der Webseite so genannte Cookies ein, bspw. um Pr\u00e4ferenzen der Besucher zu erkennen und die Webseite entsprechend optimal gestalten zu k\u00f6nnen. Dies erm\u00f6glicht eine Erleichterung der Navigation und ein hohes Ma\u00df an Benutzerfreundlichkeit der Webseite.<\/p>\n<p>&nbsp;<\/p>\n<p style=\"text-align: justify\">Cookies sind kleine Dateien, die auf der Festplatte eines Besuchers abgelegt werden. Die meisten der auf dieser Webseite verwendeten Cookies sind so genannte \u201eSession-Cookies\u201c. Sie werden nach Ende Ihres Besuchs automatisch gel\u00f6scht. Andere Cookies bleiben auf Ihrem Endger\u00e4t gespeichert, bis Sie diese l\u00f6schen. Diese Cookies erm\u00f6glichen es, Ihren Browser beim n\u00e4chsten Besuch wiederzuerkennen.<\/p>\n<p>&nbsp;<\/p>\n<p style=\"text-align: justify\">Sie k\u00f6nnen Ihren Browser so einstellen, dass er Sie \u00fcber die Platzierung von Cookies informiert. So wird der Gebrauch von Cookies f\u00fcr Sie transparent. Wenn Sie die Nutzung von Cookies v\u00f6llig ausschlie\u00dfen, k\u00f6nnen Sie einzelne Funktionen dieser Webseite m\u00f6glicherweise nicht verwenden. Die Nutzung von Cookies stellt ein berechtigtes Interesse im Sinne der DS-GVO dar.<\/p>\n<p>&nbsp;<\/p>\n<p>&nbsp;<\/p>\n<p style=\"text-align: justify\"><strong>Kontaktformular<\/strong><\/p>\n<p style=\"text-align: justify\">Wenn Sie uns per Kontaktformular Anfragen zukommen lassen, werden Ihre personenbezogenen Angaben zwecks Bearbeitung der Anfrage und ggf. damit verbundene Anschlussfragen bei uns gespeichert. Diese Daten geben wir nicht ohne Ihre jeweilige Einwilligung weiter.<\/p>\n<p>&nbsp;<\/p>\n<p style=\"text-align: justify\">Die Verarbeitung der in das Kontaktformular eingegebenen Daten erfolgt somit ausschlie\u00dflich auf Grundlage Ihrer Einwilligung (Art. 6 Abs. 1 lit. a DSGVO).<\/p>\n<p>&nbsp;<\/p>\n<p style=\"text-align: justify\">Die von Ihnen im Kontaktformular eingegebenen Daten verbleiben bei uns, bis Sie uns zur L\u00f6schung auffordern, Ihre Einwilligung zur Speicherung widerrufen oder der Zweck f\u00fcr die Datenspeicherung entf\u00e4llt (d. h. nach abgeschlossener Bearbeitung Ihrer Anfrage).<\/p>\n<p>&nbsp;<\/p>\n<p>&nbsp;<\/p>\n<p style=\"text-align: justify\"><strong>Sicherheit Ihrer Daten<\/strong><\/p>\n<p style=\"text-align: justify\">Wir setzen technische und organisatorische Sicherheitsma\u00dfnahmen ein, um die von Ihnen zur Verf\u00fcgung gestellten Daten vor zuf\u00e4lligen oder vors\u00e4tzlichen Manipulationen, Verlust, Zerst\u00f6rung oder den Zugriff unberechtigter Personen angemessen zu sch\u00fctzen. Wir nutzen daher f\u00fcr die \u00dcbertragung vertraulicher Inhalte, wie z. B. Anfragen, die Sie an uns als Seitenbetreiber senden, eine SSL-Verschl\u00fcsselung. Eine verschl\u00fcsselte Verbindung erkennen Sie daran, dass die Adresszeile des Browsers von &#8222;http:\/\/&#8220; auf &#8222;https:\/\/&#8220; wechselt und an dem Schloss-Symbol in Ihrer Browserzeile. Wenn die SSL Verschl\u00fcsselung aktiviert ist, k\u00f6nnen die Daten, die Sie an uns \u00fcbermitteln, nicht von Dritten mitgelesen werden. Unsere Sicherheitsma\u00dfnahmen werden entsprechend dem Stand der Technik weiterentwickelt.<\/p>\n<p>&nbsp;<\/p>\n<p>&nbsp;<\/p>\n<p style=\"text-align: justify\"><strong>Registrierung auf unserer Webseite<\/strong><\/p>\n<p style=\"text-align: justify\">Registrieren Sie sich auf unserer Webseite, um Dienstleistungen und Informationen zu erhalten, werden personenbezogene Daten erhoben. Dazu z\u00e4hlen der Name, die Anschrift sowie die Telefonnummer und die E-Mail-Adresse als Kontakt- und Kommunikationsdaten.<\/p>\n<p>&nbsp;<\/p>\n<p style=\"text-align: justify\">Die Anmeldung erm\u00f6glicht den Zugriff auf Leistungen und Inhalte. Ihre Daten werden zur Abwicklung der Kontaktaufnahme nur durch uns aufgenommen. Eine dar\u00fcberhinausgehende Weitergabe an Dritte erfolgt nicht. Die Verarbeitung Ihrer personenbezogenen Daten wird auf Grundlage der Vertragsabwicklung (gem. Art. 6 Abs. 1 lit. b) durchgef\u00fchrt. Eine L\u00f6schung dieser Daten erfolgt gem\u00e4\u00df den gesetzlichen Aufbewahrungspflichten.<\/p>\n<p>&nbsp;<\/p>\n<p>&nbsp;<\/p>\n<p style=\"text-align: justify\"><strong>Newsletter<\/strong><\/p>\n<p style=\"text-align: justify\">Melden Sie sich auf unserer Webseite f\u00fcr unseren Newsletter an, verwenden wir die von Ihnen in diesem Zusammenhang angegebenen personenbezogenen Daten ausschlie\u00dflich f\u00fcr den Versand des Newsletters.<\/p>\n<p>&nbsp;<\/p>\n<p style=\"text-align: justify\">Die Anmeldung zu unserem Newsletter erfolgt in einem sog. Double-Opt-In-Verfahren. D. h. Sie erhalten nach der Anmeldung eine E-Mail, in der Sie um die Best\u00e4tigung Ihrer Anmeldung gebeten werden. Diese Best\u00e4tigung ist erforderlich, um Anmeldungen fremder E-Mail-Adressen zu verhindern. Die Anmeldungen zum Newsletter werden protokolliert, um den Anmeldeprozess entsprechend den rechtlichen Anforderungen nachweisen zu k\u00f6nnen (Einwilligung gem. Art. 6 Abs. 1 lit. a DS-GVO). Hierzu geh\u00f6rt die Speicherung des Anmelde- und des Best\u00e4tigungszeitpunkts, als auch der IP-Adresse.<\/p>\n<p>&nbsp;<\/p>\n<p style=\"text-align: justify\">Jegliche Daten die wir von Ihnen erhalten sowie die protokollierten Informationen werden nicht an Dritte weitergegeben. Ihre Einwilligung zur Erhebung und Speicherung Ihrer Daten sowie deren Nutzung zum Versand des Newsletters k\u00f6nnen Sie jederzeit ohne Angabe von Gr\u00fcnden widerrufen. Einen Link zur K\u00fcndigung des Newsletters finden Sie am Ende eines jeden Newsletters.<\/p>\n<p>&nbsp;<\/p>\n<p>&nbsp;<\/p>\n<h3 style=\"text-align: justify\"><strong>Google Analytics<\/strong><\/h3>\n<p style=\"text-align: justify\">Diese Website nutzt Funktionen des Webanalysedienstes Google Analytics. Anbieter ist die Google Inc., 1600 Amphitheatre Parkway Mountain View, CA 94043, USA. Google Analytics verwendet so genannte &#8222;Cookies&#8220;. Das sind Textdateien, die auf Ihrem Computer gespeichert werden und die eine Analyse der Benutzung der Website durch Sie erm\u00f6glichen. Die durch den Cookie erzeugten Informationen \u00fcber Ihre Benutzung dieser Website werden in der Regel an einen Server von Google in den USA \u00fcbertragen und dort gespeichert.<\/p>\n<p>&nbsp;<\/p>\n<p style=\"text-align: justify\">Die Speicherung von Google-Analytics-Cookies erfolgt auf Grundlage von Art. 6 Abs. 1 lit. f DS-GVO. Der Websitebetreiber hat ein berechtigtes Interesse an der Analyse des Nutzerverhaltens, um sowohl sein Webangebot als auch seine Werbung zu optimieren. Eine L\u00f6schung der Nutzer- und Ereignisdaten erfolgt automatisch nach 14, 26, 38, 50 Monaten.<\/p>\n<p>&nbsp;<\/p>\n<p>&nbsp;<\/p>\n<p style=\"text-align: justify\"><u>IP-Anonymisierung<\/u><\/p>\n<p style=\"text-align: justify\">Wir haben auf dieser Website die Funktion IP-Anonymisierung aktiviert. Dadurch wird Ihre IP-Adresse von Google innerhalb von Mitgliedstaaten der Europ\u00e4ischen Union oder in anderen Vertragsstaaten des Abkommens \u00fcber den Europ\u00e4ischen Wirtschaftsraum vor der \u00dcbermittlung in die USA gek\u00fcrzt. Nur in Ausnahmef\u00e4llen wird die volle IP-Adresse an einen Server von Google in den USA \u00fcbertragen und dort gek\u00fcrzt. Im Auftrag des Betreibers dieser Website wird Google diese Informationen benutzen, um Ihre Nutzung der Website auszuwerten, um Reports \u00fcber die Websiteaktivit\u00e4ten zusammenzustellen und um weitere mit der Websitenutzung und der Internetnutzung verbundene Dienstleistungen gegen\u00fcber dem Websitebetreiber zu erbringen. Die im Rahmen von Google Analytics von Ihrem Browser \u00fcbermittelte IP-Adresse wird nicht mit anderen Daten von Google zusammengef\u00fchrt.<\/p>\n<p>&nbsp;<\/p>\n<p>&nbsp;<\/p>\n<p style=\"text-align: justify\"><u>Browser Plugin<\/u><\/p>\n<p style=\"text-align: justify\">Sie k\u00f6nnen die Speicherung der Cookies durch eine entsprechende Einstellung Ihrer Browser-Software verhindern; wir weisen Sie jedoch darauf hin, dass Sie in diesem Fall gegebenenfalls nicht s\u00e4mtliche Funktionen dieser Website vollumf\u00e4nglich werden nutzen k\u00f6nnen. Sie k\u00f6nnen dar\u00fcber hinaus die Erfassung der durch den Cookie erzeugten und auf Ihre Nutzung der Website bezogenen Daten (inkl. Ihrer IP-Adresse) an Google sowie die Verarbeitung dieser Daten durch Google verhindern, indem Sie das unter dem folgenden Link verf\u00fcgbare Browser-Plugin herunterladen und installieren:<\/p>\n<p style=\"text-align: justify\">https:\/\/tools.google.com\/dlpage\/gaoptout?hl=de<\/p>\n<p>&nbsp;<\/p>\n<p>&nbsp;<\/p>\n<p style=\"text-align: justify\"><u>Widerspruch gegen Datenerfassung<\/u><\/p>\n<p style=\"text-align: justify\">Sie k\u00f6nnen die Erfassung Ihrer Daten durch Google Analytics verhindern, indem Sie auf folgenden Link klicken. Es wird ein Opt-Out-Cookie gesetzt, der die Erfassung Ihrer Daten bei zuk\u00fcnftigen Besuchen dieser Website verhindert (https:\/\/tools.google.com\/dlpage\/gaoptout?hl=de)<\/p>\n<p>&nbsp;<\/p>\n<p style=\"text-align: justify\">Mehr Informationen zum Umgang mit Nutzerdaten bei Google Analytics finden Sie in der Datenschutzerkl\u00e4rung von Google: https:\/\/support.google.com\/analytics\/answer\/6004245?hl=de<\/p>\n<p>&nbsp;<\/p>\n<p>&nbsp;<\/p>\n<p style=\"text-align: justify\"><u>Auftragsdatenverarbeitung<\/u><\/p>\n<p style=\"text-align: justify\">Wir haben mit Google einen Vertrag zur Auftragsdatenverarbeitung abgeschlossen und setzen die strengen Vorgaben der deutschen Datenschutzbeh\u00f6rden bei der Nutzung von Google Analytics vollst\u00e4ndig um.<\/p>\n<p>&nbsp;<\/p>\n<p>&nbsp;<\/p>\n<p style=\"text-align: justify\"><u>Demografische Merkmale bei Google Analytics<\/u><\/p>\n<p style=\"text-align: justify\">Diese Website nutzt die Funktion \u201cdemografische Merkmale\u201d von Google Analytics. Dadurch k\u00f6nnen Berichte erstellt werden, die Aussagen zu Alter, Geschlecht und Interessen der Seitenbesucher enthalten. Diese Daten stammen aus interessenbezogener Werbung von Google sowie aus Besucherdaten von Drittanbietern. Diese Daten k\u00f6nnen keiner bestimmten Person zugeordnet werden. Sie k\u00f6nnen diese Funktion jederzeit \u00fcber die Anzeigeneinstellungen in Ihrem Google-Konto deaktivieren oder die Erfassung Ihrer Daten durch Google Analytics wie im Punkt \u201cWiderspruch gegen Datenerfassung\u201d dargestellt generell untersagen.<\/p>\n<p>&nbsp;<\/p>\n<p>&nbsp;<\/p>\n<h2 style=\"text-align: justify\"><strong>Inhalte und Dienste von Drittanbietern<\/strong><\/h2>\n<p style=\"text-align: justify\">Auf Grundlage des berechtigten Interesses des Anbieters, kann es vorkommen, dass innerhalb dieses Onlineangebots Inhalte, Dienste und Leistungen von anderen Anbietern, die unser Angebot erg\u00e4nzen, eingebunden werden. Beispiele f\u00fcr solche Angebote sind Einbindungen von Youtube-Videos und Verlinkungen zu externen Webseiten. Bei der Nutzung der Dienste ist es den Anbietern m\u00f6glich, Ihre Nutzer-IP-Adresse wahrzunehmen und diese auch zu speichern. Wir bem\u00fchen uns sehr, nur solche Drittanbieter einzubeziehen, die IP-Adressen allein zur Auslieferung der Inhalte nutzen. Wir haben dabei jedoch keinen Einfluss darauf, welcher Drittanbieter gegebenenfalls die IP-Adresse z. B. f\u00fcr statistische Zwecke speichert. In Bezug auf das Aufrufen von Webseiten, auf die im Rahmen dieser Webseite verwiesen wird, regelt diese Datenschutzbestimmung nicht das Erheben, die Weitergabe oder den Umgang personenbezogener Daten durch Dritte. Beachten Sie bitte in diesem Zusammenhang auch die speziellen Datenschutzerkl\u00e4rungen zu einzelnen Drittanbietern und Dienstleistern, deren Service \/ Verlinkung wir auf unserer Webseite nutzen.<\/p>\n<p>&nbsp;<\/p>\n<p style=\"text-align: justify\">Youtube ist ein Dienst von YouTube, LLC, 901 Cherry Ave., San Bruno, CA 94066, USA. Die Einbindung der Videos auf unserer Webseite erfolgt im erweiterten Datenschutzmodus. Wie die meisten Webseiten verwendet aber auch YouTube Cookies, um Informationen \u00fcber die Besucher ihrer Internetseite zu sammeln. YouTube verwendet diese unter anderem zur Erfassung von Videostatistiken, zur Vermeidung von Betrug und zur Verbesserung der Userfreundlichkeit. Auch f\u00fchrt dies zu einer Verbindungsaufnahme mit dem Google DoubleClick Netzwerk. Weitere Informationen \u00fcber Datenschutz bei YouTube finden Sie in deren Datenschutzerkl\u00e4rung unter: http:\/\/www.youtube.com\/t\/privacy_at_youtube<\/p>\n<p>&nbsp;<\/p>\n<p>&nbsp;<\/p>\n<h2 style=\"text-align: justify\"><strong>Datenschutzerkl\u00e4rung f\u00fcr die sozialen Medien<\/strong><\/h2>\n<p style=\"text-align: justify\">Die arithmetics ITS UG (haftungsbeschr\u00e4nkt) Innovative Technology &amp; Software nimmt den Datenschutz in sozialen Netzwerken sehr ernst. Es ist gegenw\u00e4rtig rechtlich nicht abschlie\u00dfend gekl\u00e4rt, ob und inwieweit alle Netzwerke ihre Dienste im Einklang mit europ\u00e4ischen datenschutzrechtlichen Bestimmungen anbieten. Wir machen daher ausdr\u00fccklich darauf aufmerksam, dass die seitens arithmetics ITS UG (haftungsbeschr\u00e4nkt) Innovative Technology &amp; Software genutzten Dienste Twitter, Facebook, XING, YouTube, Google+ und andere die Daten ihrer Nutzerinnen und Nutzer (z.B. pers\u00f6nliche Informationen, IP-Adresse) entsprechend ihrer Datenverwendungsrichtlinien abspeichern und f\u00fcr gesch\u00e4ftliche Zwecke nutzen. Die arithmetics ITS UG (haftungsbeschr\u00e4nkt) Innovative Technology &amp; Software hat keinen Einfluss auf die Datenerhebung und deren weitere Verwendung durch die sozialen Netzwerke. So bestehen keine Erkenntnisse dar\u00fcber, in welchem Umfang, an welchem Ort und f\u00fcr welche Dauer die Daten gespeichert werden, inwieweit die Netzwerke bestehenden L\u00f6schpflichten nachkommen, welche Auswertungen und Verkn\u00fcpfungen mit den Daten vorgenommen werden und an wen die Daten weitergegeben werden.<\/p>\n<p>&nbsp;<\/p>\n<p>&nbsp;<\/p>\n<h2 style=\"text-align: justify\"><strong>Links zu Webseiten anderer Anbieter<\/strong><\/h2>\n<p style=\"text-align: justify\">Unser Online-Angebot enth\u00e4lt Links zu Webseiten anderer Anbieter. Wir haben keinen Einfluss darauf, dass diese Anbieter die Datenschutzbestimmungen einhalten.<\/p>\n<p>&nbsp;<\/p>\n<p>&nbsp;<\/p>\n<h2 style=\"text-align: justify\"><strong>Widerspruch Werbe-E-Mails<\/strong><\/h2>\n<p style=\"text-align: justify\">Im Rahmen der gesetzlichen Impressumspflicht m\u00fcssen wir unsere Kontaktdaten ver\u00f6ffentlichen. Diese werden von dritten Personen teilweise zur \u00dcbersendung nicht erw\u00fcnschter Werbung und Informationen genutzt. Wir widersprechen hiermit jeglicher von uns nicht ausdr\u00fccklich autorisierten \u00dcbersendung von Werbematerial aller Art. Wir behalten uns ferner ausdr\u00fccklich rechtliche Schritte gegen die unerw\u00fcnschte und unverlangte Zusendung von Werbematerial vor. Dies gilt insbesondere f\u00fcr sogenannte Spam-E-Mails, Spam-Briefe und Spam-Faxe. Wir weisen darauf hin, dass die unautorisierte \u00dcbermittlung von Werbematerial sowohl wettbewerbsrechtliche, zivilrechtliche und strafrechtliche Tatbest\u00e4nde ber\u00fchren kann. Speziell Spam-E-Mails und Spam-Faxe k\u00f6nnen zu hohen Schadensersatzforderungen f\u00fchren, wenn sie den Gesch\u00e4ftsbetrieb durch \u00dcberf\u00fcllung von Postf\u00e4chern oder Faxger\u00e4ten st\u00f6ren.<\/p>\n<p>&nbsp;<\/p>\n<p>&nbsp;<\/p>\n<h2 style=\"text-align: justify\"><strong>Ihre Rechte<\/strong><\/h2>\n<p style=\"text-align: justify\">Auf schriftliche Anfrage teilen wir Ihnen gerne entsprechend unserer gesetzlichen Verpflichtung (Art. 12 EU DS-GVO) mit, ob und welche personenbezogenen Daten von Ihnen bei uns gespeichert sind. Zus\u00e4tzlich haben Sie das Recht auf Berichtigung unrichtiger Daten, Sperrung und L\u00f6schung Ihrer personenbezogenen Daten, soweit dem keine gesetzlichen Aufbewahrungspflichten entgegenstehen sowie das Recht auf Beschwerde gegen\u00fcber der Beh\u00f6rde nach Artikel 13 Absatz 2 (d) EU-DS-GVO.<\/p>\n<p>&nbsp;<\/p>\n<p style=\"text-align: justify\">Es besteht selbstverst\u00e4ndlich jederzeit die M\u00f6glichkeit, dass Sie Ihre Einwilligung zur Erhebung, Verarbeitung und Weitergabe Ihrer personenbezogenen Daten uns gegen\u00fcber f\u00fcr die Zukunft widerrufen. Daf\u00fcr wenden Sie sich bitte an die unten angegebene Kontaktadresse.<\/p>\n<p>&nbsp;<\/p>\n<p style=\"text-align: justify\">Wenn Sie Fragen hinsichtlich der Verarbeitung Ihrer pers\u00f6nlichen Daten haben, k\u00f6nnen Sie sich an unseren Datenschutzbeauftragten wenden, der Ihnen auch im Falle von Auskunftsersuchen, Anregungen oder Beschwerden zur Verf\u00fcgung steht.<\/p>\n<p>&nbsp;<\/p>\n<p>&nbsp;<\/p>\n<p style=\"text-align: justify\"><strong>Datenschutzadresse:<\/strong><\/p>\n<p>&nbsp;<\/p>\n<p style=\"text-align: justify\"><strong>arithmetics ITS UG (haftungsbeschr\u00e4nkt) Innovative Technology &amp; Software<\/strong><\/p>\n<p style=\"text-align: justify\">Carl-Benz-Stra\u00dfe 5<\/p>\n<p style=\"text-align: justify\">72250 Freudenstadt<\/p>\n<p style=\"text-align: justify\">E-Mail: datenschutz@arithmetics-its.com<\/p>\n<p>&nbsp;<\/p>\n<p>&nbsp;<\/p>\n<h2 style=\"text-align: justify\"><strong>\u00c4nderung unserer Datenschutzerkl\u00e4rung<\/strong><\/h2>\n<p style=\"text-align: justify\">Um zu gew\u00e4hrleisten, dass unsere Datenschutzerkl\u00e4rung stets den aktuellen gesetzlichen Vorgaben entspricht, behalten wir uns jederzeit \u00c4nderungen vor. Das gilt auch f\u00fcr den Fall, dass die Datenschutzerkl\u00e4rung aufgrund neuer oder \u00fcberarbeiteter Leistungen, zum Beispiel neuer Serviceleistungen, angepasst werden muss. Die neue Datenschutzerkl\u00e4rung greift dann bei Ihrem n\u00e4chsten Besuch auf unserem Angebot.<\/p>\n<p style=\"text-align: justify\">\n<\/div>\n\t\t\t\t\t\t\t<\/div>\n\t\t<\/div>\n\t<\/div>\n\n<\/div>\n\n","protected":false},"excerpt":{"rendered":"<p> [&#8230;]<\/p>\n<p><a class=\"btn btn-post-read-more mt-5 p-0 d-flex justify-content-center align-items-center\" href=\"https:\/\/arithmetics-its.com\/de\/datenschutzerklaerung\/\"><span class=\"ml-auto\">Vollst\u00e4ndiger Bericht<\/span> <span class=\"read-more-inner position-relative ml-auto\"><br \/>\n\t\t\t<svg class=\"position-absolute arrow-down\" xmlns=\"http:\/\/www.w3.org\/2000\/svg\" width=\"13.707\" height=\"16.707\" viewBox=\"0 0 13.707 16.707\">\n\t\t\t  <g id=\"ic-roundabout-forward\" transform=\"translate(13.351 -10) rotate(90)\">\n\t\t\t    <path id=\"Pfad_31444\" data-name=\"Pfad 31444\" d=\"M454,.36l6.5,6.4-6.5,6.6\" transform=\"translate(-434.5 -0.36)\" fill=\"none\" stroke=\"#fff\" stroke-miterlimit=\"10\" stroke-width=\"1\"\/>\n\t\t\t    <line id=\"Linie_35\" data-name=\"Linie 35\" x1=\"16\" transform=\"translate(10 6.5)\" fill=\"none\" stroke=\"#fff\" stroke-miterlimit=\"10\" stroke-width=\"1\"\/>\n\t\t\t  <\/g>\n\t\t\t<\/svg><br \/>\n\t\t\t<\/span><\/a><\/p>\n","protected":false},"author":2,"featured_media":0,"parent":0,"menu_order":0,"comment_status":"closed","ping_status":"closed","template":"page-templates\/default-no-title.php","meta":{"_acf_changed":false,"footnotes":""},"class_list":["post-133","page","type-page","status-publish","hentry"],"acf":[],"jetpack_sharing_enabled":true,"_links":{"self":[{"href":"https:\/\/arithmetics-its.com\/de\/wp-json\/wp\/v2\/pages\/133","targetHints":{"allow":["GET"]}}],"collection":[{"href":"https:\/\/arithmetics-its.com\/de\/wp-json\/wp\/v2\/pages"}],"about":[{"href":"https:\/\/arithmetics-its.com\/de\/wp-json\/wp\/v2\/types\/page"}],"author":[{"embeddable":true,"href":"https:\/\/arithmetics-its.com\/de\/wp-json\/wp\/v2\/users\/2"}],"replies":[{"embeddable":true,"href":"https:\/\/arithmetics-its.com\/de\/wp-json\/wp\/v2\/comments?post=133"}],"version-history":[{"count":46,"href":"https:\/\/arithmetics-its.com\/de\/wp-json\/wp\/v2\/pages\/133\/revisions"}],"predecessor-version":[{"id":761,"href":"https:\/\/arithmetics-its.com\/de\/wp-json\/wp\/v2\/pages\/133\/revisions\/761"}],"wp:attachment":[{"href":"https:\/\/arithmetics-its.com\/de\/wp-json\/wp\/v2\/media?parent=133"}],"curies":[{"name":"wp","href":"https:\/\/api.w.org\/{rel}","templated":true}]}}