{"id":127,"date":"2021-03-31T21:55:25","date_gmt":"2021-03-31T20:55:25","guid":{"rendered":"http:\/\/10.30.0.55\/?page_id=127"},"modified":"2025-01-07T21:10:47","modified_gmt":"2025-01-07T20:10:47","slug":"impressum","status":"publish","type":"page","link":"https:\/\/arithmetics-its.com\/de\/impressum\/","title":{"rendered":"Impressum"},"content":{"rendered":"\n<style type=\"text\/css\" xmlns=\"http:\/\/www.w3.org\/1999\/html\">\n\t#section-top-block_228f13907927920f860d05015b880351\t{\n\t\/* Add styles that use ACF values here *\/\n\t}\n<\/style>\n\n<!-- ******************* Block: Section Top ******************* -->\n<div id=\"section-top-block_228f13907927920f860d05015b880351\" class=\"block-section-top alignwide mb-7 mt-0 pb-0 pt-0 \">\n\n\t<div class=\"container \">\n\t\t<div class=\"row\">\n\t\t\t<div class=\"col-md-9\">\n\t\t\t\t<div class=\"row\">\n\t\t\t\t\t<div class=\"col font-montserrat font-size-24 line-height-34 bold letter-spacing_0 text-grey_2\"\n\t\t\t\t\t     style=\"color: #3b6188\">\n\t\t\t\t\t\tImpressum\t\t\t\t\t<\/div>\n\t\t\t\t<\/div>\n\t\t\t<\/div>\n\n\t\t\t\t\t\t\t\t<\/div>\n\n\t\t<div class=\"row\">\n\t\t\t<div class=\"col-xl-12 col-lg-12 col-md-12 col-sm-12 col-12\">\n\n\t\t\t\t\n\t\t\t\t\t\t\t\t\t<div\n\t\t\t\t\t\tclass=\"font-noto-serif text-darkgrey w-100-section-text \"><p>&nbsp;<\/p>\n<p>&nbsp;<\/p>\n<p>Inhaltlich verantwortlich gem\u00e4\u00df \u00a76 des TDG:<\/p>\n<p>&nbsp;<\/p>\n<p><strong>arithmetics ITS UG (haftungsbeschr\u00e4nkt) Innovative Technology &amp; Software<\/strong><br \/>\nCarl-Benz-Stra\u00dfe 5<br \/>\nD-72250 Freudenstadt<br \/>\n+49 (0) 178 211 86 36<\/p>\n<p>&nbsp;<\/p>\n<p>Gesch\u00e4ftsf\u00fchrer:<br \/>\nProf. Dr. Juho M\u00e4ki\u00f6<br \/>\nAmtsgericht Freudenstadt: HRB797291<br \/>\nUST-ID: DE332127400<\/p>\n<p>&nbsp;<\/p>\n<p>Bildrechte<\/p>\n<p>\u00a9 Warakorn \u2013 Fotolia.com<\/p>\n<p>&nbsp;<\/p>\n<p>Hiermit distanzieren sich die Autoren dieser Website ausdr\u00fccklich von allen Inhalten auf Seiten, zu denen man durch Links auf unserer Website gelangen kann. Insbesondere machen wir uns diese Inhalte nicht zu Nutze oder zu Eigen. Diese Erkl\u00e4rung gilt f\u00fcr alle auf unseren Seiten angebrachte Links.<\/p>\n<p>&nbsp;<\/p>\n<p>Die Links wurden mit Sorgfalt ausgew\u00e4hlt und im Bewusstsein der Verantwortung f\u00fcr das Ansehen zusammengestellt. Zum Zeitpunkt der Einbindung wurden die empfohlenen Websites weder als jugendgef\u00e4hrdend noch als gegen das geltende deutsche Recht versto\u00dfend eingesch\u00e4tzt.<\/p>\n<p>&nbsp;<\/p>\n<p>Sollten Sie auf einen Link sto\u00dfen, f\u00fcr den dies aufgrund von \u00c4nderungen nicht mehr zutreffen sollte, so bitten wir Sie, dies uns unverz\u00fcglich per Kontakt mitzuteilen. Wir werden dann diesen Link sofort von unseren Seiten entfernen. Vielen Dank.<br \/>\nDie arithmetics ITS UG (haftungsbeschr\u00e4nkt) Innovative Technology &amp; Software nutzt \u00fcbliche Internettechnologien wie Cookies und Webbeacons, um Interaktionen mit der Unternehmenswebsite nachzuvollziehen.<\/p>\n<p>&nbsp;<\/p>\n<p>Haftungshinweis:<\/p>\n<p>Trotz sorgf\u00e4ltiger Kontrolle \u00fcbernehmen wir keine Haftung f\u00fcr die Inhalte externer Links. F\u00fcr den Inhalt der verlinkten Seiten sind ausschlie\u00dflich deren Betreiber verantwortlich. Keine Haftung f\u00fcr Daten und Inhalte, Nutzung dieses Dienstes auf eigene Gefahr. Die Verwendung dieses Dokumentes au\u00dferhalb des Verantwortungsbereiches von www.arithmetics-ITS.com ist untersagt.<\/p>\n<\/div>\n\t\t\t\t\t\t\t<\/div>\n\t\t<\/div>\n\t<\/div>\n\n<\/div>\n\n","protected":false},"excerpt":{"rendered":"<p> [&#8230;]<\/p>\n<p><a class=\"btn btn-post-read-more mt-5 p-0 d-flex justify-content-center align-items-center\" href=\"https:\/\/arithmetics-its.com\/de\/impressum\/\"><span class=\"ml-auto\">Vollst\u00e4ndiger Bericht<\/span> <span class=\"read-more-inner position-relative ml-auto\"><br \/>\n\t\t\t<svg class=\"position-absolute arrow-down\" xmlns=\"http:\/\/www.w3.org\/2000\/svg\" width=\"13.707\" height=\"16.707\" viewBox=\"0 0 13.707 16.707\">\n\t\t\t  <g id=\"ic-roundabout-forward\" transform=\"translate(13.351 -10) rotate(90)\">\n\t\t\t    <path id=\"Pfad_31444\" data-name=\"Pfad 31444\" d=\"M454,.36l6.5,6.4-6.5,6.6\" transform=\"translate(-434.5 -0.36)\" fill=\"none\" stroke=\"#fff\" stroke-miterlimit=\"10\" stroke-width=\"1\"\/>\n\t\t\t    <line id=\"Linie_35\" data-name=\"Linie 35\" x1=\"16\" transform=\"translate(10 6.5)\" fill=\"none\" stroke=\"#fff\" stroke-miterlimit=\"10\" stroke-width=\"1\"\/>\n\t\t\t  <\/g>\n\t\t\t<\/svg><br \/>\n\t\t\t<\/span><\/a><\/p>\n","protected":false},"author":2,"featured_media":0,"parent":0,"menu_order":0,"comment_status":"closed","ping_status":"closed","template":"page-templates\/default-skeleton.php","meta":{"_acf_changed":false,"footnotes":""},"class_list":["post-127","page","type-page","status-publish","hentry"],"acf":[],"jetpack_sharing_enabled":true,"_links":{"self":[{"href":"https:\/\/arithmetics-its.com\/de\/wp-json\/wp\/v2\/pages\/127","targetHints":{"allow":["GET"]}}],"collection":[{"href":"https:\/\/arithmetics-its.com\/de\/wp-json\/wp\/v2\/pages"}],"about":[{"href":"https:\/\/arithmetics-its.com\/de\/wp-json\/wp\/v2\/types\/page"}],"author":[{"embeddable":true,"href":"https:\/\/arithmetics-its.com\/de\/wp-json\/wp\/v2\/users\/2"}],"replies":[{"embeddable":true,"href":"https:\/\/arithmetics-its.com\/de\/wp-json\/wp\/v2\/comments?post=127"}],"version-history":[{"count":11,"href":"https:\/\/arithmetics-its.com\/de\/wp-json\/wp\/v2\/pages\/127\/revisions"}],"predecessor-version":[{"id":762,"href":"https:\/\/arithmetics-its.com\/de\/wp-json\/wp\/v2\/pages\/127\/revisions\/762"}],"wp:attachment":[{"href":"https:\/\/arithmetics-its.com\/de\/wp-json\/wp\/v2\/media?parent=127"}],"curies":[{"name":"wp","href":"https:\/\/api.w.org\/{rel}","templated":true}]}}