{"id":11,"date":"2021-03-19T19:08:51","date_gmt":"2021-03-19T19:08:51","guid":{"rendered":"http:\/\/10.31.0.75\/?page_id=11"},"modified":"2023-08-19T20:19:30","modified_gmt":"2023-08-19T19:19:30","slug":"home","status":"publish","type":"page","link":"https:\/\/arithmetics-its.com\/de\/","title":{"rendered":"Home"},"content":{"rendered":"\n<style type=\"text\/css\">\n\t#hero-big-block_256a108134cdfe2ee722da165f0095b7 {\n\t\t\/* Add styles that use ACF values here *\/\n\t}\n<\/style>\n\n<!-- ******************* Block: Big Hero ******************* -->\n<div id=\"hero-big-block_256a108134cdfe2ee722da165f0095b7\" class=\"block-hero-big alignfull \">\n\n\t<div class=\"jumbotron jumbotron-banner p-0 rounded-0\" style=\"background-image: linear-gradient(to bottom, rgba(0,0,0,0.6) 0%,rgba(0,0,0,0.6) 100%), url('https:\/\/arithmetics-its.com\/wp-content\/uploads\/2021\/05\/AdobeStock_298907406-scaled.jpeg');\">\n\t\t<div class=\"container-fluid h-100\">\n\n\t\t\t<div class=\"row h-100 justify-content-center\">\n\t\t\t\t<div class=\"col-12 align-self-center py-5\">\n\t\t\t\t\t<div class=\"bold text-white text-center font-size-highlight\">\n\t\t\t\t\t\t<p>Innovative Together<\/p>\n\t\t\t\t\t<\/div>\n\n\t\t\t\t\t<div class=\"regular text-center font-size-subtext text-white pt-3\">\n\t\t\t\t\t\t<p>Technology &amp; Software Solutions<\/p>\n\t\t\t\t\t<\/div>\n\t\t\t\t<\/div>\n\t\t\t<\/div>\n\n\t\t<\/div>\n\t<\/div>\n\n\n\n\n\n\n<\/div>\n\n\n<style type=\"text\/css\">\n\t#text-bild-block_25d4fdf9c75c15db8dc3465e86caea00 {\n\t\t\/* Add styles that use ACF values here *\/\n\t}\n<\/style>\n\n<!-- ******************* Block: Text\/Bild ******************* -->\n<div id=\"text-bild-block_25d4fdf9c75c15db8dc3465e86caea00\" class=\"block-text-bild section alignwide mb-0 mt-0 pb-5 pt-3\">\n\n\t\t\n\t\t<div class=\"container \">\n\t\t\t<div class=\"row flex-wrap-reverse\">\n\n\t\t\t\t<div class=\"col-xl-6 col-lg-6 col-md-6 col-sm-12 col-12 mx-auto padding-right\">\n\t\t\t\t\t<div class=\"font-size-13 line-height-25 regular text-primary\">Unternehmensgr\u00fcndung in 2020<\/div>\n\t\t\t\t\t<div class=\"font-size-24 line-height-32 bold text-primary title-width pb-3\">Unsere Zielausrichtung ist die Erstellung des Produktes SaferSea<\/div>\n\t\t\t\t\t<div class=\"font-size-15 line-height-25 text-secondary regular\">\n\t\t\t\t\t\t<p class=\"p1\">SaferSea ist ein Ortungs- und \u00dcberwachungssystem f\u00fcr Waren, die per See, Land, Schiene und \/ oder Luft transportiert werden. Hierzu z\u00e4hlen beispielsweise Container, Maschinen oder sperrige G\u00fcter. Das System umfasst dabei nicht nur Positionsverfolgungs- und Zustands\u00fcberwachungsfunktionen, z.B. zum Erkennen m\u00f6glicher Sachsch\u00e4den, sondern auch die Verlusterkennung und Lokalisierung von \u00fcber Bord gegangener Ladung.<\/p>\n\t\t\t\t\t<\/div>\n\n\t\t\t\t\t\t\t\t\t\t\t\t\t\t<\/div>\n\n\t\t\t\t<div class=\"col-xl-6 col-lg-6 col-md-6 col-sm-12 col-12 mb-2\">\n\n\t\t\t\t\t\t\t\t\t\t\t\t\t\t\t\t<img loading=\"lazy\" decoding=\"async\" width=\"2560\" height=\"2156\" src=\"https:\/\/i0.wp.com\/arithmetics-its.com\/wp-content\/uploads\/2021\/11\/AdobeStock_432176441-scaled.jpg?fit=2560%2C2156&amp;ssl=1\" class=\"attachment-full size-full\" alt=\"\" srcset=\"https:\/\/i0.wp.com\/arithmetics-its.com\/wp-content\/uploads\/2021\/11\/AdobeStock_432176441-scaled.jpg?w=2560&amp;ssl=1 2560w, https:\/\/i0.wp.com\/arithmetics-its.com\/wp-content\/uploads\/2021\/11\/AdobeStock_432176441-scaled.jpg?resize=300%2C253&amp;ssl=1 300w, https:\/\/i0.wp.com\/arithmetics-its.com\/wp-content\/uploads\/2021\/11\/AdobeStock_432176441-scaled.jpg?resize=1024%2C862&amp;ssl=1 1024w, https:\/\/i0.wp.com\/arithmetics-its.com\/wp-content\/uploads\/2021\/11\/AdobeStock_432176441-scaled.jpg?resize=768%2C647&amp;ssl=1 768w, https:\/\/i0.wp.com\/arithmetics-its.com\/wp-content\/uploads\/2021\/11\/AdobeStock_432176441-scaled.jpg?resize=1536%2C1293&amp;ssl=1 1536w, https:\/\/i0.wp.com\/arithmetics-its.com\/wp-content\/uploads\/2021\/11\/AdobeStock_432176441-scaled.jpg?resize=2048%2C1725&amp;ssl=1 2048w, https:\/\/i0.wp.com\/arithmetics-its.com\/wp-content\/uploads\/2021\/11\/AdobeStock_432176441-scaled.jpg?resize=14%2C12&amp;ssl=1 14w, https:\/\/i0.wp.com\/arithmetics-its.com\/wp-content\/uploads\/2021\/11\/AdobeStock_432176441-scaled.jpg?w=1280&amp;ssl=1 1280w, https:\/\/i0.wp.com\/arithmetics-its.com\/wp-content\/uploads\/2021\/11\/AdobeStock_432176441-scaled.jpg?w=1920&amp;ssl=1 1920w\" sizes=\"auto, (max-width: 640px) 100vw, 640px\" \/>\t\t\t\t\t\n\t\t\t\t<\/div>\n\t\t\t<\/div>\n\t\t<\/div>\n\n\t\n<\/div>\n\n\n<style type=\"text\/css\">\n\t#text-bild-block_ec36caf210110b713bd3ba9e67ffa5de {\n\t\t\/* Add styles that use ACF values here *\/\n\t}\n<\/style>\n\n<!-- ******************* Block: Text\/Bild ******************* -->\n<div id=\"text-bild-block_ec36caf210110b713bd3ba9e67ffa5de\" class=\"block-text-bild section-bg-lightgrey alignwide mb-0 mt-0 pb-7 pt-7\">\n\n\t\t\n\t\t<div class=\"container \">\n\t\t\t<div class=\"row\">\n\n\t\t\t\t<div class=\"col-xl-6 col-lg-6 col-md-6 col-sm-12 col-12 mb-2\">\n\t\t\t\t\t\t\t\t\t\t\t\t\t\t\t\t<img loading=\"lazy\" decoding=\"async\" width=\"2560\" height=\"2156\" src=\"https:\/\/i0.wp.com\/arithmetics-its.com\/wp-content\/uploads\/2021\/11\/AdobeStock_459152055-scaled.jpg?fit=2560%2C2156&amp;ssl=1\" class=\"attachment-full size-full\" alt=\"\" srcset=\"https:\/\/i0.wp.com\/arithmetics-its.com\/wp-content\/uploads\/2021\/11\/AdobeStock_459152055-scaled.jpg?w=2560&amp;ssl=1 2560w, https:\/\/i0.wp.com\/arithmetics-its.com\/wp-content\/uploads\/2021\/11\/AdobeStock_459152055-scaled.jpg?resize=300%2C253&amp;ssl=1 300w, https:\/\/i0.wp.com\/arithmetics-its.com\/wp-content\/uploads\/2021\/11\/AdobeStock_459152055-scaled.jpg?resize=1024%2C862&amp;ssl=1 1024w, https:\/\/i0.wp.com\/arithmetics-its.com\/wp-content\/uploads\/2021\/11\/AdobeStock_459152055-scaled.jpg?resize=768%2C647&amp;ssl=1 768w, https:\/\/i0.wp.com\/arithmetics-its.com\/wp-content\/uploads\/2021\/11\/AdobeStock_459152055-scaled.jpg?resize=1536%2C1293&amp;ssl=1 1536w, https:\/\/i0.wp.com\/arithmetics-its.com\/wp-content\/uploads\/2021\/11\/AdobeStock_459152055-scaled.jpg?resize=2048%2C1725&amp;ssl=1 2048w, https:\/\/i0.wp.com\/arithmetics-its.com\/wp-content\/uploads\/2021\/11\/AdobeStock_459152055-scaled.jpg?resize=14%2C12&amp;ssl=1 14w, https:\/\/i0.wp.com\/arithmetics-its.com\/wp-content\/uploads\/2021\/11\/AdobeStock_459152055-scaled.jpg?w=1280&amp;ssl=1 1280w, https:\/\/i0.wp.com\/arithmetics-its.com\/wp-content\/uploads\/2021\/11\/AdobeStock_459152055-scaled.jpg?w=1920&amp;ssl=1 1920w\" sizes=\"auto, (max-width: 640px) 100vw, 640px\" \/>\t\t\t\t\t\t\t\t\t<\/div>\n\n\t\t\t\t<div class=\"col-xl-6 col-lg-6 col-md-6 col-sm-12 col-12 mx-auto padding-left\">\n\t\t\t\t\t<div class=\"font-size-13 line-height-25 regular text-primary\"><\/div>\n\t\t\t\t\t<div class=\"font-size-24 line-height-32 bold text-primary title-width pb-3\">Ortung durch SaferSea<\/div>\n\t\t\t\t\t<div class=\"font-size-15 line-height-25 text-secondary regular\">\n\t\t\t\t\t\t<p class=\"p1\">Die ersten Entwicklungsstufen von SaferSea sind abgeschlossen und es wurde durch das europ\u00e4ische Patentamt in Den Haag das Patent mit der Patentnummer <a href=\"https:\/\/patents.google.com\/patent\/EP4116181A1\"><span id=\"biblio-publication-number-content\"><span class=\"search\">EP4116181A1<\/span><\/span><\/a> zugelassen. Die Erteilung eines Einheitspatents erfolgt im Anschluss. SaferSea ist derzeit in der Lage, den Verlust von Containern oder Maschinen auf See zu erkennen und anschlie\u00dfend zu lokalisieren. Die Entwicklung der weiteren genannten Funktionalit\u00e4ten schreitet z\u00fcgig voran. Weitere Informationen finden Sie auf unserer Produktseite.<\/p>\n<p class=\"p1\">Selbstverst\u00e4ndlich sind wir auch auf dem Dienstleistungssektor immer Ihr Ansprechpartner.<\/p>\n\t\t\t\t\t<\/div>\n\n\t\t\t\t\t\t\t\t\t\t\n\t\t\t\t\t\t<a href=\"\/products\/safersea\/\" class=\"btn more-btn font-size-18 line-height-27 bold mt-5\">\n\t\t\t\t\t\t\tSaferSea\t\t\t\t\t\t<\/a>\n\n\t\t\t\t\t\t\t\t\t<\/div>\n\n\t\t\t<\/div>\n\t\t<\/div>\n\n\t\n<\/div>\n\n\n<p><\/p>\n","protected":false},"excerpt":{"rendered":"<p> [&#8230;]<\/p>\n<p><a class=\"btn btn-post-read-more mt-5 p-0 d-flex justify-content-center align-items-center\" href=\"https:\/\/arithmetics-its.com\/de\/\"><span class=\"ml-auto\">Vollst\u00e4ndiger Bericht<\/span> <span class=\"read-more-inner position-relative ml-auto\"><br \/>\n\t\t\t<svg class=\"position-absolute arrow-down\" xmlns=\"http:\/\/www.w3.org\/2000\/svg\" width=\"13.707\" height=\"16.707\" viewBox=\"0 0 13.707 16.707\">\n\t\t\t  <g id=\"ic-roundabout-forward\" transform=\"translate(13.351 -10) rotate(90)\">\n\t\t\t    <path id=\"Pfad_31444\" data-name=\"Pfad 31444\" d=\"M454,.36l6.5,6.4-6.5,6.6\" transform=\"translate(-434.5 -0.36)\" fill=\"none\" stroke=\"#fff\" stroke-miterlimit=\"10\" stroke-width=\"1\"\/>\n\t\t\t    <line id=\"Linie_35\" data-name=\"Linie 35\" x1=\"16\" transform=\"translate(10 6.5)\" fill=\"none\" stroke=\"#fff\" stroke-miterlimit=\"10\" stroke-width=\"1\"\/>\n\t\t\t  <\/g>\n\t\t\t<\/svg><br \/>\n\t\t\t<\/span><\/a><\/p>\n","protected":false},"author":2,"featured_media":0,"parent":0,"menu_order":0,"comment_status":"closed","ping_status":"closed","template":"page-templates\/default-skeleton.php","meta":{"_acf_changed":false,"footnotes":""},"class_list":["post-11","page","type-page","status-publish","hentry"],"acf":[],"jetpack_sharing_enabled":true,"_links":{"self":[{"href":"https:\/\/arithmetics-its.com\/de\/wp-json\/wp\/v2\/pages\/11","targetHints":{"allow":["GET"]}}],"collection":[{"href":"https:\/\/arithmetics-its.com\/de\/wp-json\/wp\/v2\/pages"}],"about":[{"href":"https:\/\/arithmetics-its.com\/de\/wp-json\/wp\/v2\/types\/page"}],"author":[{"embeddable":true,"href":"https:\/\/arithmetics-its.com\/de\/wp-json\/wp\/v2\/users\/2"}],"replies":[{"embeddable":true,"href":"https:\/\/arithmetics-its.com\/de\/wp-json\/wp\/v2\/comments?post=11"}],"version-history":[{"count":100,"href":"https:\/\/arithmetics-its.com\/de\/wp-json\/wp\/v2\/pages\/11\/revisions"}],"predecessor-version":[{"id":741,"href":"https:\/\/arithmetics-its.com\/de\/wp-json\/wp\/v2\/pages\/11\/revisions\/741"}],"wp:attachment":[{"href":"https:\/\/arithmetics-its.com\/de\/wp-json\/wp\/v2\/media?parent=11"}],"curies":[{"name":"wp","href":"https:\/\/api.w.org\/{rel}","templated":true}]}}